{"id":987,"date":"2020-08-10T10:46:05","date_gmt":"2020-08-10T10:46:05","guid":{"rendered":"https:\/\/teatterinayttamo.fi\/?page_id=987"},"modified":"2020-09-03T13:02:57","modified_gmt":"2020-09-03T13:02:57","slug":"pete-poskiparta-mentalisti-3-0","status":"publish","type":"page","link":"https:\/\/teatterinayttamo.fi\/?page_id=987","title":{"rendered":"Pete Poskiparta &#8211; Mentalisti 3.0"},"content":{"rendered":"<p><b>Pete Poskiparta \u2013 Mentalisti 3.0<\/b><br \/>\nMentalisti 3.0 muuttaa k\u00e4sityksesi mahdottomasta!<br \/>\nPete Poskiparran uusi Mentalisti 3.0 on mielet\u00f6n tykitys mielen ihmeit\u00e4, mahdottomia tapahtumia ja hersyv\u00e4n hauskaa komiikkaa. Koko valloittavan persoonansa peliin heitt\u00e4v\u00e4 mentalisti lukee yleis\u00f6ns\u00e4 ajatuksia, leikkii mielen illuusioilla ja kokeilee muistinsa rajoja.<br \/>\n30-vuotista esiintyj\u00e4uraansa juhliva mentalisti on rakentanut juhlakiertueensa ohjelman heitt\u00e4m\u00e4ll\u00e4 koko osaamisensa peliin. Show\u00b4ssa on mukana uudelleen sovitettuina parhaat ja kovimmat osuudet edellisilt\u00e4 kiertueilta sek\u00e4 koko joukko kokonaan uusia, huolellisesti k\u00e4sin poimittuja ihmeit\u00e4, jotka saavat p\u00e4\u00e4si py\u00f6r\u00e4lle. T\u00e4t\u00e4 ei voi tarkemmin selitt\u00e4\u00e4, t\u00e4m\u00e4 on itse koettava!<br \/>\nEsityksen kesto 1 h 50 min sis. v\u00e4liajan<\/p>\n<p>\u2019Yli 30 vuotta olen suunnitellut ja esitt\u00e4nyt ihmeit\u00e4 ihmisten iloksi. Olen saanut esiinty\u00e4 ymp\u00e4ri maailmaa paikoissa kuten Lontoo, Las Vegas, Chicago, Boston ja Tukholma sek\u00e4 hakenut oppia maailman parhailta taikureilta ja mentalisteilta. Nyt on hyv\u00e4 hetki heitt\u00e4\u00e4 kaikki \u00e4ss\u00e4t p\u00f6yt\u00e4\u00e4n ja tehd\u00e4 show, jossa on vain<br \/>\nhauskimmat jutut ja h\u00e4mm\u00e4stytt\u00e4vimm\u00e4t ihmeet. N\u00e4hd\u00e4\u00e4n syksyll\u00e4.\u2019 T. Pete<\/p>\n<div>Liput 30 \u20ac<\/div>\n","protected":false},"excerpt":{"rendered":"<p>Pete Poskiparta \u2013 Mentalisti 3.0 Mentalisti 3.0 muuttaa k\u00e4sityksesi mahdottomasta! Pete Poskiparran uusi Mentalisti 3.0 on mielet\u00f6n tykitys mielen ihmeit\u00e4, mahdottomia tapahtumia ja hersyv\u00e4n hauskaa komiikkaa. Koko valloittavan persoonansa peliin [&hellip;]<\/p>\n","protected":false},"author":4,"featured_media":1111,"parent":0,"menu_order":0,"comment_status":"closed","ping_status":"closed","template":"","meta":{"footnotes":""},"class_list":["post-987","page","type-page","status-publish","has-post-thumbnail","hentry"],"_links":{"self":[{"href":"https:\/\/teatterinayttamo.fi\/index.php?rest_route=\/wp\/v2\/pages\/987","targetHints":{"allow":["GET"]}}],"collection":[{"href":"https:\/\/teatterinayttamo.fi\/index.php?rest_route=\/wp\/v2\/pages"}],"about":[{"href":"https:\/\/teatterinayttamo.fi\/index.php?rest_route=\/wp\/v2\/types\/page"}],"author":[{"embeddable":true,"href":"https:\/\/teatterinayttamo.fi\/index.php?rest_route=\/wp\/v2\/users\/4"}],"replies":[{"embeddable":true,"href":"https:\/\/teatterinayttamo.fi\/index.php?rest_route=%2Fwp%2Fv2%2Fcomments&post=987"}],"version-history":[{"count":2,"href":"https:\/\/teatterinayttamo.fi\/index.php?rest_route=\/wp\/v2\/pages\/987\/revisions"}],"predecessor-version":[{"id":1112,"href":"https:\/\/teatterinayttamo.fi\/index.php?rest_route=\/wp\/v2\/pages\/987\/revisions\/1112"}],"wp:featuredmedia":[{"embeddable":true,"href":"https:\/\/teatterinayttamo.fi\/index.php?rest_route=\/wp\/v2\/media\/1111"}],"wp:attachment":[{"href":"https:\/\/teatterinayttamo.fi\/index.php?rest_route=%2Fwp%2Fv2%2Fmedia&parent=987"}],"curies":[{"name":"wp","href":"https:\/\/api.w.org\/{rel}","templated":true}]}}