{"id":976,"date":"2020-08-10T10:34:11","date_gmt":"2020-08-10T10:34:11","guid":{"rendered":"https:\/\/teatterinayttamo.fi\/?page_id=976"},"modified":"2020-11-06T12:02:35","modified_gmt":"2020-11-06T12:02:35","slug":"pinta","status":"publish","type":"page","link":"https:\/\/teatterinayttamo.fi\/?page_id=976","title":{"rendered":"Pinta"},"content":{"rendered":"<p>PINTA<br \/>\nYksi meist\u00e4 ja k\u00f6ysi. Taianomaisia kuvia painottomuudesta.<br \/>\nPintaa viist\u00e4v\u00e4 liike sitoo katseen k\u00f6yden vahvojen s\u00e4ikeiden varaan. Kohoava py\u00f6rre vet\u00e4\u00e4 mukaansa, otteet kiertyv\u00e4t yhteen ja jalat irtoavat maanpinnalta. Pinnoilla v\u00e4reilee heijastuksia, jotka l\u00e4ikkyv\u00e4t katsojan iholle.<br \/>\n\u201cEi uskoisi, ett\u00e4 vertikaalik\u00f6ydell\u00e4 voi tehd\u00e4 puolituntisen sooloesityksen, mutta niin vain Pinta pit\u00e4\u00e4 hyppysiss\u00e4\u00e4n ja kiehtoo outoudellaan ja kauneudellaan. K\u00f6ysi on siin\u00e4 vain yksi elementti.<br \/>\nToinen t\u00e4rke\u00e4 elementti on vesi. Se ilmestyy maneesille kuin huomaamatta, ja kesken kaiken yl\u00e4ilmoissa kieppuva taiteilija heijastuu lattian pinnasta kirkkaana kuvajaisena, joka kommentoi kaksostaan.<br \/>\nKuin sielunsukulaisten lumoava duetto kuvitteellisen pinnan molemmin puolin, veden syvyyksiss\u00e4 ja ilman syleilyiss\u00e4.\u201d &#8211; Jussi Tossavainen, 1.11.2013, Helsingin Sanomat<\/p>\n<p>TEOSTIEDOT<br \/>\nKONSEPTI: Salla Hakanp\u00e4\u00e4 &amp; ty\u00f6ryhm\u00e4<br \/>\nOHJAUS: Ville Walo<br \/>\nESIINTYJ\u00c4: Salla Hakanp\u00e4\u00e4<br \/>\n\u00c4\u00c4NISUUNNITTELU: Tuuli Kytt\u00e4l\u00e4<br \/>\nVALOSUUNNITTELU: Ainu Palmu<br \/>\nPUKU- JA LAVASTUSSUUNNITTELU: Anne J\u00e4ms\u00e4<br \/>\nKUVAUS: Teemu Liakka<br \/>\nLEIKKAUS JA EDITOINTI: Matias Boettge<br \/>\nTUKIJAT JA YHTEISTY\u00d6KUMPPANIT: Alfred Kordelinin s\u00e4\u00e4ti\u00f6, Taiteen Edist\u00e4miskeskus, Uudenmaan Taidetoimikunta, Suomen Kulttuurirahaston Uudenmaan rahasto, Helsingin Kulttuurikeskus, Cirko \u2013 Uuden Sirkuksen Keskus<br \/>\nTUOTANTO: Zero Gravity Company, WHS<br \/>\nKANTAESITYS: 30.10.2013 Cirko \u2013 Uuden Sirkuksen Keskus<br \/>\nKUVAT: Tom Hakala<\/p>\n","protected":false},"excerpt":{"rendered":"<p>PINTA Yksi meist\u00e4 ja k\u00f6ysi. Taianomaisia kuvia painottomuudesta. Pintaa viist\u00e4v\u00e4 liike sitoo katseen k\u00f6yden vahvojen s\u00e4ikeiden varaan. Kohoava py\u00f6rre vet\u00e4\u00e4 mukaansa, otteet kiertyv\u00e4t yhteen ja jalat irtoavat maanpinnalta. Pinnoilla v\u00e4reilee [&hellip;]<\/p>\n","protected":false},"author":4,"featured_media":979,"parent":64,"menu_order":0,"comment_status":"closed","ping_status":"closed","template":"","meta":{"footnotes":""},"class_list":["post-976","page","type-page","status-publish","has-post-thumbnail","hentry"],"_links":{"self":[{"href":"https:\/\/teatterinayttamo.fi\/index.php?rest_route=\/wp\/v2\/pages\/976","targetHints":{"allow":["GET"]}}],"collection":[{"href":"https:\/\/teatterinayttamo.fi\/index.php?rest_route=\/wp\/v2\/pages"}],"about":[{"href":"https:\/\/teatterinayttamo.fi\/index.php?rest_route=\/wp\/v2\/types\/page"}],"author":[{"embeddable":true,"href":"https:\/\/teatterinayttamo.fi\/index.php?rest_route=\/wp\/v2\/users\/4"}],"replies":[{"embeddable":true,"href":"https:\/\/teatterinayttamo.fi\/index.php?rest_route=%2Fwp%2Fv2%2Fcomments&post=976"}],"version-history":[{"count":1,"href":"https:\/\/teatterinayttamo.fi\/index.php?rest_route=\/wp\/v2\/pages\/976\/revisions"}],"predecessor-version":[{"id":978,"href":"https:\/\/teatterinayttamo.fi\/index.php?rest_route=\/wp\/v2\/pages\/976\/revisions\/978"}],"up":[{"embeddable":true,"href":"https:\/\/teatterinayttamo.fi\/index.php?rest_route=\/wp\/v2\/pages\/64"}],"wp:featuredmedia":[{"embeddable":true,"href":"https:\/\/teatterinayttamo.fi\/index.php?rest_route=\/wp\/v2\/media\/979"}],"wp:attachment":[{"href":"https:\/\/teatterinayttamo.fi\/index.php?rest_route=%2Fwp%2Fv2%2Fmedia&parent=976"}],"curies":[{"name":"wp","href":"https:\/\/api.w.org\/{rel}","templated":true}]}}