{"id":932,"date":"2020-07-28T14:35:01","date_gmt":"2020-07-28T14:35:01","guid":{"rendered":"https:\/\/teatterinayttamo.fi\/?page_id=932"},"modified":"2020-07-28T14:35:01","modified_gmt":"2020-07-28T14:35:01","slug":"fierce","status":"publish","type":"page","link":"https:\/\/teatterinayttamo.fi\/?page_id=932","title":{"rendered":"Fierce"},"content":{"rendered":"<p>FIERCE<br \/>\nBLIND GUT<br \/>\nCOMPANY<br \/>\nVoiko olla mit\u00e4\u00e4n vaikeampaa kuin toisen ihmisen kohtaaminen?<\/p>\n<p>NYKYSIRKUSTEOS<br \/>\nFierce on raivokas, mutta lempe\u00e4, periksiantamaton ja kuitenkin hapuileva. Fierce on kahden ihmisen kiihke\u00e4 ja p\u00e4\u00e4ttym\u00e4t\u00f6n matka kohti toisiaan.<br \/>\nSirkuksen, tanssin ja videotaiteen keinoin rakentuu runon kaltainen kudelma, jossa sis\u00e4isen ja ulkoisen todellisuuden rajat venyv\u00e4t ja h\u00e4m\u00e4rtyv\u00e4t.<br \/>\nFierce on kohtaamisen ja kohtaamattomuuden \u00e4\u00e4relle pys\u00e4htynyt nykysirkusteos. Teoksessa esiintyj\u00e4t kurottavat kohti toisiaan palatakseen j\u00e4lleen takaisin itseens\u00e4.<\/p>\n<p>KONSEPTI<br \/>\nTeos yhdist\u00e4\u00e4 tanssillisen liikkeen, sirkustekniikan ja videotaiteen ennenn\u00e4kem\u00e4tt\u00f6m\u00e4ll\u00e4 tavalla. Koreografi Riku Lehtopolun kanssa luotu orgaaninen liikekieli kantaa l\u00e4pi esityksen lattialta rengastrapetsille ja duettona tanssituista kohtauksista k\u00e4sill\u00e4seisontatapeille.<br \/>\nEsiintyjien projisoidut varjot luovat siltaa todellisuuden ja toiveiden v\u00e4lille. Kerronta ja ilmaisu tapahtuu kokonaan kehojen liikkeess\u00e4 ja kohtaamisen hetkiss\u00e4.<\/p>\n<p>TY\u00d6RYHM\u00c4<\/p>\n<p><strong>Tuomas Vuorinen<\/strong><br \/>\nohjaaja\/videosuunnittelija<\/p>\n<p>Tuomas on nykysirkusryhm\u00e4 Blind Gut Companyn perustajaj\u00e4sen. Tuomas on toiminut sirkusesiintyj\u00e4n\u00e4 mm. Sirkus Aikamoisen ja Blind Gut Companyn omissa teoksissa ja on pitk\u00e4lti vastannut my\u00f6s Blind Gut Companyn teoksien visuaalisesta ilmeest\u00e4.<\/p>\n<p><strong>Riku Lehtopolku<\/strong><br \/>\nkoreografi<\/p>\n<p>Riku on tanssinut Pori Dance Companyssa vuodesta 2001, esiintyen mm. Jorma Uotisen, Tero\u00a0Saarisen, Marjo Kuuselan ja Jarkko Mandelinin\u00a0teoksissa. Riku on my\u00f6s ty\u00f6skennennellyt lukuisissa\u00a0muissa teoksissa mm. Suomen Kansallisbaletissa,\u00a0Sk\u00e5nes Dancetheatressa ja Iceland Dance\u00a0Companyssa. Riku on my\u00f6s\u00a0 opettaja ja koreografi,\u00a0sek\u00e4 Pori Dance Companyn ja Kuopio Dance\u00a0Festivalin taiteellinen johtaja.<\/p>\n<p><strong>Haidi Sadonkorpi<\/strong><br \/>\nesiintyj\u00e4\/tuottaja<\/p>\n<p>Haidi on vahvan tanssitaustan omaava\u00a0sirkusartisti. Haidin erikoislaji on ilma-akrobatia\u00a0vertikaalikankaalla ja\u00a0rengastrapetsilla. Haidi on ty\u00f6skennellyt<br \/>\nfreelancer-sirkusartistina vuodesta 2007\u00a0asti. Lis\u00e4ksi Haidi on ollut mukana\u00a0sirkusryhmien Circus Lumica, Sirkus Unioni,\u00a0Helsingin Sirkusammattilaiset ja Varietee\u00a0Kasataide toiminnassa ja produktioissa.<\/p>\n<p><strong>Matti Koskela<\/strong><br \/>\nesiintyj\u00e4<\/p>\n<p>Matti on Kiinan Wuqiao Acrobatics Arts\u00a0Schoolissa harjoitellut akrobaatti. H\u00e4n on\u00a0erikoistunut k\u00e4sinseisontaan ja taitaa my\u00f6s\u00a0lattia- ja pariakrobatian. Matti on<br \/>\ntoiminut freelancer-sirkusartistina vuodesta\u00a02011 esiintyen mm. Golden Karl\u00a0sirkusfestivaalilla Latviassa, Zippos Circus \u2013\u00a0kiertueella Englannissa ja Cirkus Zorban\u00a0kiertueella Norjassa.<\/p>\n<p>55min<br \/>\nBlack Box<br \/>\nYli 7-vuotiaille<\/p>\n<p>Sirkuslajit: Ilma-akrobatia, k\u00e4sill\u00e4seisonta, pariakrobatia<\/p>\n","protected":false},"excerpt":{"rendered":"<p>FIERCE BLIND GUT COMPANY Voiko olla mit\u00e4\u00e4n vaikeampaa kuin toisen ihmisen kohtaaminen? NYKYSIRKUSTEOS Fierce on raivokas, mutta lempe\u00e4, periksiantamaton ja kuitenkin hapuileva. Fierce on kahden ihmisen kiihke\u00e4 ja p\u00e4\u00e4ttym\u00e4t\u00f6n matka [&hellip;]<\/p>\n","protected":false},"author":4,"featured_media":937,"parent":64,"menu_order":0,"comment_status":"closed","ping_status":"closed","template":"","meta":{"footnotes":""},"class_list":["post-932","page","type-page","status-publish","has-post-thumbnail","hentry"],"_links":{"self":[{"href":"https:\/\/teatterinayttamo.fi\/index.php?rest_route=\/wp\/v2\/pages\/932","targetHints":{"allow":["GET"]}}],"collection":[{"href":"https:\/\/teatterinayttamo.fi\/index.php?rest_route=\/wp\/v2\/pages"}],"about":[{"href":"https:\/\/teatterinayttamo.fi\/index.php?rest_route=\/wp\/v2\/types\/page"}],"author":[{"embeddable":true,"href":"https:\/\/teatterinayttamo.fi\/index.php?rest_route=\/wp\/v2\/users\/4"}],"replies":[{"embeddable":true,"href":"https:\/\/teatterinayttamo.fi\/index.php?rest_route=%2Fwp%2Fv2%2Fcomments&post=932"}],"version-history":[{"count":3,"href":"https:\/\/teatterinayttamo.fi\/index.php?rest_route=\/wp\/v2\/pages\/932\/revisions"}],"predecessor-version":[{"id":936,"href":"https:\/\/teatterinayttamo.fi\/index.php?rest_route=\/wp\/v2\/pages\/932\/revisions\/936"}],"up":[{"embeddable":true,"href":"https:\/\/teatterinayttamo.fi\/index.php?rest_route=\/wp\/v2\/pages\/64"}],"wp:featuredmedia":[{"embeddable":true,"href":"https:\/\/teatterinayttamo.fi\/index.php?rest_route=\/wp\/v2\/media\/937"}],"wp:attachment":[{"href":"https:\/\/teatterinayttamo.fi\/index.php?rest_route=%2Fwp%2Fv2%2Fmedia&parent=932"}],"curies":[{"name":"wp","href":"https:\/\/api.w.org\/{rel}","templated":true}]}}