{"id":919,"date":"2020-07-28T13:43:20","date_gmt":"2020-07-28T13:43:20","guid":{"rendered":"https:\/\/teatterinayttamo.fi\/?page_id=919"},"modified":"2020-07-28T13:56:22","modified_gmt":"2020-07-28T13:56:22","slug":"metsa-the-forest-project","status":"publish","type":"page","link":"https:\/\/teatterinayttamo.fi\/?page_id=919","title":{"rendered":"Mets\u00e4 &#8211; The Forest Project"},"content":{"rendered":"<p><em>Mets\u00e4- The Forest Project<\/em> on luontopolun varrelle rakennettu sirkusesitys. Esiintyjien johdattaessa yleis\u00f6ns\u00e4 mets\u00e4n siimekseen, yleis\u00f6 p\u00e4\u00e4see kokemaan ilma-akrobatiaa puiden latvojen keskell\u00e4, pariakrobatiaa puiden runkojen kanssa, koreografista kiipeily\u00e4, akrobaattista tanssia ja puiden latvoissa humisevia \u00e4\u00e4nimaisemia. Suomen kansan vanhat tarinat mets\u00e4n hengist\u00e4 ja uskomuksista antavat yleis\u00f6lle aikaa kokea luonnon helmassa kiireett\u00f6myytt\u00e4, yhteytt\u00e4 ja jaettua rauhaa. Rakentamalla sirkusesityksen mets\u00e4\u00e4n, taiteilijat pyrkiv\u00e4t vahvistamaan ihmisen luontosuhdetta ja parantamaan ihmisen luonnosta vieraantumisen aiheuttamia haavoja niin yhteiskunnan kuin yksil\u00f6nkin tasolla.<\/p>\n<p>Mets\u00e4- esityksen esiintyj\u00e4t Viivi Roiha ja Henna Kaikula ovat suomalaisia kansainv\u00e4lisesti menestyneit\u00e4 sirkustaiteilijoita. Heid\u00e4n polkunsa sirkustaiteen parissa on useiden vuosikymmenien mittainen. Ranskassa kouluttautunut Roiha on ty\u00f6skennellyt nimekk\u00e4iden ryhmien kanssa Ranskassa ja Suomessa. H\u00e4nen k\u00f6ysiakrobatianumeronsa on palkittu sirkuksen maineikkaimmilla festivaaleilla Pariisissa vuonna 2018. Kaikula on kouluttautunut esitt\u00e4vien taiteiden ammattilaiseksi Ruotsissa ja Australiassa, ja lukuisissa esityksiss\u00e4 taiteilijana toimimisen lis\u00e4ksi toiminut festivaalin taiteellisena johtajana, kuraattorina ja ohjaajana.<\/p>\n<p>Esitys sis\u00e4lt\u00e4\u00e4 alastomuutta<\/p>\n<p>Esityst\u00e4 ei voi seurata lastenrattailla, py\u00f6r\u00e4tuolilla tms. Mets\u00e4isen maaston takia on hyv\u00e4 varautua asianmukaisella pukeutumisella ja kengill\u00e4<\/p>\n<p>Ik\u00e4suositus: Kaikenik\u00e4iset<\/p>\n<p>Alkuper\u00e4inen konsepti: Sade Kamppila &amp; Viivi Roiha<\/p>\n<p>Tuotanto: Sirkus Aikamoinen<\/p>\n<p>Esityksen kotisivu\u00a0http:\/\/www.metsatheforestproject.info\/<\/p>\n<p>&nbsp;<\/p>\n<p>Liput: Peruslippu 15 \u20ac, opiskelijat\/el\u00e4kel\u00e4iset\/varusmiehet\/ty\u00f6tt\u00f6m\u00e4t 10 \u20ac, lastenlippu 10 \u20ac<\/p>\n<p>https:\/\/www.tiketti.fi\/metsa-the-forest-project-utransaari-joensuu-lippuja\/70649<\/p>\n","protected":false},"excerpt":{"rendered":"<p>Mets\u00e4- The Forest Project on luontopolun varrelle rakennettu sirkusesitys. Esiintyjien johdattaessa yleis\u00f6ns\u00e4 mets\u00e4n siimekseen, yleis\u00f6 p\u00e4\u00e4see kokemaan ilma-akrobatiaa puiden latvojen keskell\u00e4, pariakrobatiaa puiden runkojen kanssa, koreografista kiipeily\u00e4, akrobaattista tanssia ja [&hellip;]<\/p>\n","protected":false},"author":4,"featured_media":922,"parent":64,"menu_order":0,"comment_status":"closed","ping_status":"closed","template":"","meta":{"footnotes":""},"class_list":["post-919","page","type-page","status-publish","has-post-thumbnail","hentry"],"_links":{"self":[{"href":"https:\/\/teatterinayttamo.fi\/index.php?rest_route=\/wp\/v2\/pages\/919","targetHints":{"allow":["GET"]}}],"collection":[{"href":"https:\/\/teatterinayttamo.fi\/index.php?rest_route=\/wp\/v2\/pages"}],"about":[{"href":"https:\/\/teatterinayttamo.fi\/index.php?rest_route=\/wp\/v2\/types\/page"}],"author":[{"embeddable":true,"href":"https:\/\/teatterinayttamo.fi\/index.php?rest_route=\/wp\/v2\/users\/4"}],"replies":[{"embeddable":true,"href":"https:\/\/teatterinayttamo.fi\/index.php?rest_route=%2Fwp%2Fv2%2Fcomments&post=919"}],"version-history":[{"count":4,"href":"https:\/\/teatterinayttamo.fi\/index.php?rest_route=\/wp\/v2\/pages\/919\/revisions"}],"predecessor-version":[{"id":931,"href":"https:\/\/teatterinayttamo.fi\/index.php?rest_route=\/wp\/v2\/pages\/919\/revisions\/931"}],"up":[{"embeddable":true,"href":"https:\/\/teatterinayttamo.fi\/index.php?rest_route=\/wp\/v2\/pages\/64"}],"wp:featuredmedia":[{"embeddable":true,"href":"https:\/\/teatterinayttamo.fi\/index.php?rest_route=\/wp\/v2\/media\/922"}],"wp:attachment":[{"href":"https:\/\/teatterinayttamo.fi\/index.php?rest_route=%2Fwp%2Fv2%2Fmedia&parent=919"}],"curies":[{"name":"wp","href":"https:\/\/api.w.org\/{rel}","templated":true}]}}