{"id":8,"date":"2018-08-01T12:40:08","date_gmt":"2018-08-01T12:40:08","guid":{"rendered":"https:\/\/teatterinayttamo.fi\/?page_id=8"},"modified":"2025-06-07T10:40:12","modified_gmt":"2025-06-07T10:40:12","slug":"etusivu","status":"publish","type":"page","link":"https:\/\/teatterinayttamo.fi\/","title":{"rendered":"N\u00c4YTT\u00c4M\u00d6"},"content":{"rendered":"<p>N\u00c4YTT\u00c4M\u00d6 est 2018<\/p>\n<p><img loading=\"lazy\" decoding=\"async\" class=\"aligncenter size-large wp-image-1237\" src=\"https:\/\/teatterinayttamo.fi\/wp-content\/uploads\/2021\/11\/n\u00e4ytt\u00e4m\u00f6teatterin-sijainti-1024x684.jpg\" alt=\"\" width=\"640\" height=\"428\" srcset=\"https:\/\/teatterinayttamo.fi\/wp-content\/uploads\/2021\/11\/n\u00e4ytt\u00e4m\u00f6teatterin-sijainti-1024x684.jpg 1024w, https:\/\/teatterinayttamo.fi\/wp-content\/uploads\/2021\/11\/n\u00e4ytt\u00e4m\u00f6teatterin-sijainti-300x200.jpg 300w, https:\/\/teatterinayttamo.fi\/wp-content\/uploads\/2021\/11\/n\u00e4ytt\u00e4m\u00f6teatterin-sijainti-768x513.jpg 768w, https:\/\/teatterinayttamo.fi\/wp-content\/uploads\/2021\/11\/n\u00e4ytt\u00e4m\u00f6teatterin-sijainti.jpg 1505w\" sizes=\"auto, (max-width: 640px) 100vw, 640px\" \/><\/p>\n<p>N\u00c4YTT\u00c4M\u00d6 -teatteri on Sirkus Supiainen ry:n perustama esitt\u00e4v\u00e4n taiteen vierailuteatteri Joensuun ydinkeskustassa osoitteessa Koskikatu 8.<\/p>\n<p>N\u00c4YTT\u00c4M\u00d6 toimii Sirkus Supiaisen kotin\u00e4ytt\u00e4m\u00f6n\u00e4. Tarjoamme teatteriamme teatteri- tanssi- ja sirkusryhmien ja mm. esitt\u00e4v\u00e4n taiteen oppilaitoksien k\u00e4ytt\u00f6\u00f6n. Tilaa voi vuokrata my\u00f6s muihin sopiviin tilaisuuksiin, tapahtumiin tai juhliin. Tavoitteemme on, ett\u00e4 N\u00c4YTT\u00c4M\u00d6-teatterista hy\u00f6tyisi laaja joukko joensuulaisia kulttuuritoimijoita ja -yhdistyksi\u00e4.<\/p>\n<p>N\u00c4YTT\u00c4M\u00d6-teatteri on esitt\u00e4v\u00e4n taiteen tuotantotalo ja ohjelmistomme painottuu vierailuesityksiin, Sirkus Supiaisen omiin n\u00e4yt\u00f6ksiin, Pohjois-Karjalan elokuvayhdistyksen n\u00e4yt\u00f6ksiin ja Jazz-kerho-76 konsertteihin.<\/p>\n<p>P\u00e4\u00e4m\u00e4\u00e4r\u00e4n\u00e4mme on, ett\u00e4 N\u00c4YTT\u00c4M\u00d6- teatteri\u00a0 vahvistaa Joensuulaista ja It\u00e4-Suomalaista kulttuuria ja on jatkossa kansallisesti ainutlaatuinen sek\u00e4 innostava edell\u00e4k\u00e4vij\u00e4. Kaupungissa pit\u00e4\u00e4 olla tilaa my\u00f6s pienille kulttuuritoimijoille, jotta kaikesta kulttuurista ei tule bisnest\u00e4.<\/p>\n<p><span style=\"font-weight: 400;\">N\u00c4YTT\u00c4M\u00d6N esityksien lippuja saa osoitteesta www.tiketti.fi ja ovelta tuntia ennen esityst\u00e4. Tiedustelut ja lippu- ja tilavaraukset s\u00e4hk\u00f6postitse tai puhelimitse.<\/span><\/p>\n<p>Yhteys:<\/p>\n<p>Rauli Katajavuori<\/p>\n<p>0451209383<\/p>\n<p>supiainen@supiainen.com<\/p>\n<p>Tukijat:<\/p>\n<p>2025: Taike, Joensuun Kaupunki<\/p>\n<p>2024: Taike, Joensuun Kaupunki<\/p>\n<p>2023: Taike, Joensuun Kaupunki,\u00a0Wihurin s\u00e4\u00e4ti\u00f6<\/p>\n<p>2022: Taike, Joensuun Kaupunki<\/p>\n<p>2021: Taike: Joensuun Kaupunki, Suomen kulttuurirahasto, OKM<\/p>\n<p>2020: Taike, Joensuun Kaupunki<\/p>\n<p>2019: TAIKE, Joensuun Kaupunki<\/p>\n<p>2017 -2018: Suomen Kulttuurirahaston Pohjois-Karjalan maakuntarahasto (N\u00c4YTT\u00c4M\u00d6n perustaminen)<\/p>\n\n\n<p><\/p>\n\n\n\n<p>N\u00c4YTT\u00c4M\u00d6-TEATTERI EI OLE ESTEET\u00d6N!<\/p>\n\n\n\n<p>(Tavoitteenamme on saada tilastamme esteet\u00f6n mutta valitettavasti emme viel\u00e4 sit\u00e4 ole.)<\/p>\n","protected":false},"excerpt":{"rendered":"<p>N\u00c4YTT\u00c4M\u00d6 est 2018 N\u00c4YTT\u00c4M\u00d6 -teatteri on Sirkus Supiainen ry:n perustama esitt\u00e4v\u00e4n taiteen vierailuteatteri Joensuun ydinkeskustassa osoitteessa Koskikatu 8. N\u00c4YTT\u00c4M\u00d6 toimii Sirkus Supiaisen kotin\u00e4ytt\u00e4m\u00f6n\u00e4. Tarjoamme teatteriamme teatteri- tanssi- ja sirkusryhmien ja [&hellip;]<\/p>\n","protected":false},"author":1,"featured_media":0,"parent":0,"menu_order":0,"comment_status":"closed","ping_status":"closed","template":"","meta":{"footnotes":""},"class_list":["post-8","page","type-page","status-publish","hentry"],"_links":{"self":[{"href":"https:\/\/teatterinayttamo.fi\/index.php?rest_route=\/wp\/v2\/pages\/8","targetHints":{"allow":["GET"]}}],"collection":[{"href":"https:\/\/teatterinayttamo.fi\/index.php?rest_route=\/wp\/v2\/pages"}],"about":[{"href":"https:\/\/teatterinayttamo.fi\/index.php?rest_route=\/wp\/v2\/types\/page"}],"author":[{"embeddable":true,"href":"https:\/\/teatterinayttamo.fi\/index.php?rest_route=\/wp\/v2\/users\/1"}],"replies":[{"embeddable":true,"href":"https:\/\/teatterinayttamo.fi\/index.php?rest_route=%2Fwp%2Fv2%2Fcomments&post=8"}],"version-history":[{"count":30,"href":"https:\/\/teatterinayttamo.fi\/index.php?rest_route=\/wp\/v2\/pages\/8\/revisions"}],"predecessor-version":[{"id":1793,"href":"https:\/\/teatterinayttamo.fi\/index.php?rest_route=\/wp\/v2\/pages\/8\/revisions\/1793"}],"wp:attachment":[{"href":"https:\/\/teatterinayttamo.fi\/index.php?rest_route=%2Fwp%2Fv2%2Fmedia&parent=8"}],"curies":[{"name":"wp","href":"https:\/\/api.w.org\/{rel}","templated":true}]}}