{"id":64,"date":"2018-08-01T13:21:13","date_gmt":"2018-08-01T13:21:13","guid":{"rendered":"https:\/\/teatterinayttamo.fi\/?page_id=64"},"modified":"2026-03-18T08:39:26","modified_gmt":"2026-03-18T08:39:26","slug":"ohjelmisto","status":"publish","type":"page","link":"https:\/\/teatterinayttamo.fi\/?page_id=64","title":{"rendered":"Tulossa"},"content":{"rendered":"\n<p>to 26.3. klo 19: Rajaspeksi: Painajainen juhannusy\u00f6n\u00e4 (ensi-ilta)<\/p>\n\n\n\n<p>pe 27.3. Jazzkerho-76: Case K\u00e4m\u00e4r\u00e4inen<\/p>\n\n\n\n<p>la 28.3. Pelkk\u00e4 Poutanen (levynjulkkarit) klo 19<\/p>\n\n\n\n<p>ti 31.3. klo 19: Rajaspeksi: Painajainen juhannusy\u00f6n\u00e4<\/p>\n\n\n\n<p>Huhtikuu<br><br>ke 1.4. elokuva klo 17: Juuret syv\u00e4ll\u00e4 kivess\u00e4 (Suomi 2026 \u2022 108 min)<\/p>\n\n\n\n<p>to 2.4. klo 19: Rajaspeksi: Painajainen juhannusy\u00f6n\u00e4<\/p>\n\n\n\n<p>ti 7.4. klo 19: Rajaspeksi: Painajainen juhannusy\u00f6n\u00e4<\/p>\n\n\n\n<p>pe 10.4. klo 19: Rajaspeksi: Painajainen juhannusy\u00f6n\u00e4<\/p>\n\n\n\n<p>la 11.4. klo 17: Rajaspeksi: Painajainen juhannusy\u00f6n\u00e4<\/p>\n\n\n\n<p>la 11.4. klo 22 alkaen elokuvia: Ghost of Cinemare &#8211; Flesh for Frankenstein &amp; Blood for Dracula<\/p>\n\n\n\n<p>ti 14.4. klo 19: Rajaspeksi: Painajainen juhannusy\u00f6n\u00e4<\/p>\n\n\n\n<p>pe 17.4. klo 19: Rajaspeksi: Painajainen juhannusy\u00f6n\u00e4<\/p>\n\n\n\n<p>la 18.4. klo 17: Rajaspeksi: Painajainen juhannusy\u00f6n\u00e4<\/p>\n\n\n\n<p>21.4. Jazzkerho-76<\/p>\n\n\n\n<p>24.4. Huipputeatteri<\/p>\n\n\n\n<p>25.4. Huipputeatteri<\/p>\n\n\n\n<p>26.4. Huipputeatteri?<\/p>\n\n\n\n<p>28.4. Riveria Kansanopisto \/ Sirkus Supiainen: Bakkantit klo 12 (ensi-ilta, p\u00e4iv\u00e4n\u00e4yt\u00f6s Riveria)<\/p>\n\n\n\n<p>28.4. klo 19 Riveria Kansanopisto: Bakkantit<\/p>\n\n\n\n<p>ke 29.4. klo 18: Elokuvamusiikkikonsertti &#8211; Tuomas Pyrh\u00f6nen, piano<\/p>\n\n\n\n<p>toukokuu<\/p>\n\n\n\n<p>7.5. Jazzkerho-76: Quartet Ajaton<\/p>\n\n\n\n<p>8.5. pe klo 19&nbsp; Supiaisen sirkuskoulun kev\u00e4tn\u00e4yt\u00f6s (valmistava p\u00e4\u00e4harjoitus harrastajille)<\/p>\n\n\n\n<p>9.5. klo 14 Supiaisen sirkuskoulun kev\u00e4tn\u00e4yt\u00f6s&nbsp;<\/p>\n\n\n\n<p>9.5.&nbsp; klo 19 Supiaisen sirkuskoulun kev\u00e4tn\u00e4yt\u00f6s&nbsp;<\/p>\n\n\n\n<p>10.5 klo 17 Supiaisen sirkuskoulun kev\u00e4tn\u00e4yt\u00f6s&nbsp;<\/p>\n\n\n\n<p>13.5. klo 19 Riveria Kansanopisto: Bakkantit<\/p>\n\n\n\n<p>14.5. klo 19 Riveria Kansanopisto: Bakkantit<\/p>\n\n\n\n<p>15.5. klo 18 Riveria Kansanopisto: Bakkantit<\/p>\n\n\n\n<p>15.5. klo 20&nbsp; Ty\u00f6tt\u00f6mien Teatteri \/ Riveria kansanopisto: Muumiop\u00e4iv\u00e4<\/p>\n\n\n\n<p>16.5. klo 14 Riveria Kansanopisto: Bakkantit<\/p>\n\n\n\n<p>16.5. klo 16\/17? Riveria Kansanopisto: Verta Kynnen alla<\/p>\n\n\n\n<p>16.5. klo 20 Ty\u00f6tt\u00f6mien Teatteri \/ Riveria kansanopisto: Muumiop\u00e4iv\u00e4<\/p>\n\n\n\n<p>17.5. klo 14 Riveria Kansanopisto: Bakkantit<\/p>\n\n\n\n<p>17.5. klo 16\/17? Riveria Kansanopisto: Verta Kynnen alla<\/p>\n\n\n\n<p>17.5. klo 20 Ty\u00f6tt\u00f6mien Teatteri \/ Riveria kansanopisto: Muumiop\u00e4iv\u00e4<\/p>\n\n\n\n<p>ke-pe 20.-22.5. Pohjois-Karjala Pride -festivaalin elokuvan\u00e4yt\u00f6kset<\/p>\n\n\n\n<p>23.5.&nbsp; IRINA BJ\u00d6RKLUND &amp; PETER FOX &#8211; Oh l&#8217;Amour 20-v<\/p>\n\n\n\n<p>29.5. Cleaning Women + Ville Pimeys<\/p>\n\n\n\n<figure class=\"wp-block-image size-full\"><img loading=\"lazy\" decoding=\"async\" width=\"960\" height=\"320\" src=\"https:\/\/teatterinayttamo.fi\/wp-content\/uploads\/2026\/03\/648439057_1382236823940917_6079621596916102339_n.jpg\" alt=\"\" class=\"wp-image-1910\" srcset=\"https:\/\/teatterinayttamo.fi\/wp-content\/uploads\/2026\/03\/648439057_1382236823940917_6079621596916102339_n.jpg 960w, https:\/\/teatterinayttamo.fi\/wp-content\/uploads\/2026\/03\/648439057_1382236823940917_6079621596916102339_n-300x100.jpg 300w, https:\/\/teatterinayttamo.fi\/wp-content\/uploads\/2026\/03\/648439057_1382236823940917_6079621596916102339_n-768x256.jpg 768w\" sizes=\"auto, (max-width: 960px) 100vw, 960px\" \/><figcaption class=\"wp-element-caption\">RAJASPEKSI 2026 ESITT\u00c4\u00c4: Painajainen Juhannusy\u00f6n\u00e4<br>Absurdi kauhuseikkailu odottaa huvilan seinien sis\u00e4puolella<br>\u00c4ij\u00e4energiaa uhkuva Tapio Virtanen ja h\u00e4nen lannistunut naisyst\u00e4v\u00e4ns\u00e4 Aino Kyyr\u00f6l\u00e4 ovat matkalla juhannuksen viettoon Ruotsin pohjoisosiin, kun myrsky ja rengasrikko pakottavat pariskunnan hakemaan suojaa syrj\u00e4isest\u00e4 Villa Utsiktista. Huvilassa heit\u00e4 odottaa vieraanvarainen, joskin v\u00e4hint\u00e4\u00e4nkin erikoinen seurue: karismaattinen is\u00e4nt\u00e4 Peter Svensson ja h\u00e4nen uskollinen palvelusv\u00e4kens\u00e4 sis\u00e4kk\u00f6 Ingrid Grimberg, kokki Hanson ja Peterin henkil\u00e4\u00e4k\u00e4ri Mary Shelley. Villa Utsiktin sy\u00f6vereiss\u00e4 majaa pit\u00e4v\u00e4t my\u00f6s n\u00e4enn\u00e4isesti samankaltaiseen onnettomuuteen joutuneet Victor ja Elise Blackwood, heid\u00e4n karmiva j\u00e4lkikasvunsa Andy Christian, sek\u00e4 Elisen velimies, pappiston hylk\u00e4\u00e4m\u00e4 is\u00e4 Karran.<br><br>Vierailun edetess\u00e4 k\u00e4y yh\u00e4 selvemm\u00e4ksi, ett\u00e4 Villa Utsiktin idyllisen ulkokuoren alla kuplii jotain pahaenteist\u00e4, ja Ainosta alkaa tuntua, ettei ainakaan h\u00e4nt\u00e4 kaivata paikalle. Tapio sen sijaan on kaikkien suosikki. Onko Tapiolla kenties jotakin, mit\u00e4 huvilan h\u00e4m\u00e4r\u00e4t asukkaat tavoittelevat?<br>\u00a0<br>Toivotamme teid\u00e4t l\u00e4mpim\u00e4sti tervetulleeksi maljan kera &#8211; helan g\u00e5r!<br><a href=\"https:\/\/www.rajaspeksi.fi\/osta-liput\">LIPUNMYYNTIIN T\u00c4ST\u00c4<\/a><br>Esitysp\u00e4iv\u00e4t:<br>Torstai 26.3. klo 19 (ENSI-ILTA)<br>Tiistai 31.3. klo 19<br>Torstai 2.4. klo 19<br>Tiistai 7.4. klo 19<br>Perjantai 10.4. klo 19<br>Lauantai 11.4. klo 17<br>Tiistai 14.4. klo 19<br>Perjantai 17.4. klo 19<br>Lauantai 18.4. klo 17 (VIIMEINEN ESITYS)<br>Esitykset N\u00e4ytt\u00e4m\u00f6ll\u00e4 (Koskikatu 8, 80100 Joensuu)<br>Lippuja myyd\u00e4\u00e4n my\u00f6s ovelta niin\u00e4 p\u00e4ivin\u00e4, kun esitys ei ole loppuunmyyty!<\/figcaption><\/figure>\n\n\n\n<p><\/p>\n\n\n\n<p><\/p>\n\n\n\n<figure class=\"wp-block-image size-large\"><img loading=\"lazy\" decoding=\"async\" width=\"1024\" height=\"481\" src=\"https:\/\/teatterinayttamo.fi\/wp-content\/uploads\/2026\/02\/153af19f66514d11e00c5fa1e0602dc2-1-1024x481.webp\" alt=\"\" class=\"wp-image-1902\" srcset=\"https:\/\/teatterinayttamo.fi\/wp-content\/uploads\/2026\/02\/153af19f66514d11e00c5fa1e0602dc2-1-1024x481.webp 1024w, https:\/\/teatterinayttamo.fi\/wp-content\/uploads\/2026\/02\/153af19f66514d11e00c5fa1e0602dc2-1-300x141.webp 300w, https:\/\/teatterinayttamo.fi\/wp-content\/uploads\/2026\/02\/153af19f66514d11e00c5fa1e0602dc2-1-768x361.webp 768w, https:\/\/teatterinayttamo.fi\/wp-content\/uploads\/2026\/02\/153af19f66514d11e00c5fa1e0602dc2-1.webp 1170w\" sizes=\"auto, (max-width: 1024px) 100vw, 1024px\" \/><figcaption class=\"wp-element-caption\">Pe 27.3. klo 19 N\u00e4ytt\u00e4m\u00f6<br><strong>Case K\u00e4m\u00e4r\u00e4inen<\/strong><br><strong>Case K\u00e4m\u00e4r\u00e4inen<\/strong>&nbsp;on modernia jazzia esitt\u00e4v\u00e4 yhtye, jonka musiikki on maalailevaa, tarinallista ja helposti l\u00e4hestytt\u00e4v\u00e4\u00e4. S\u00e4vellykset ammentavat inspiraationsa luonnosta, vuodenajoista ja arkisista hetkist\u00e4 \u2013 musiikki kutsuu kuulijan mielikuvamatkalle.<br>Yhtyeen s\u00e4velt\u00e4j\u00e4 ja rumpali&nbsp;<strong>Tomi K\u00e4m\u00e4r\u00e4inen<\/strong>&nbsp;on l\u00f6yt\u00e4nyt vibrafonista keskeisen ty\u00f6kalun s\u00e4vellysprosessiin. Monet teosten harmoniat ja melodiat ovat saaneet alkunsa vibrafonilla soitetuista vapaan improvisaation hetkist\u00e4, jotka on my\u00f6hemmin muovattu valmiiksi s\u00e4vellyksiksi kyseiselle kokoonpanolle.<br>Kansainv\u00e4lisen kokoonpanon rinnalle on noussut p\u00e4\u00e4osin kotimainen yhtye, jonka ydintrioon kuuluvat pianisti&nbsp;<strong>Tuomo Uusitalo<\/strong>&nbsp;(Pori Jazzin Vuoden taiteilija 2023), nuori virtuoosinen saksofonisti&nbsp;<strong>Emil Dobosiewicz<\/strong>&nbsp;sek\u00e4 kansainv\u00e4list\u00e4 uraa tekev\u00e4 rumpali Tomi K\u00e4m\u00e4r\u00e4inen. Vierailevana basistina vuoden 2024 Yrj\u00f6-palkittu&nbsp;<strong>Antti L\u00f6tj\u00f6nen<\/strong>.<\/figcaption><\/figure>\n\n\n\n<figure class=\"wp-block-image size-full\"><img loading=\"lazy\" decoding=\"async\" width=\"1024\" height=\"683\" src=\"https:\/\/teatterinayttamo.fi\/wp-content\/uploads\/2026\/03\/kyykky_mustavalko.jpg\" alt=\"\" class=\"wp-image-1911\" srcset=\"https:\/\/teatterinayttamo.fi\/wp-content\/uploads\/2026\/03\/kyykky_mustavalko.jpg 1024w, https:\/\/teatterinayttamo.fi\/wp-content\/uploads\/2026\/03\/kyykky_mustavalko-300x200.jpg 300w, https:\/\/teatterinayttamo.fi\/wp-content\/uploads\/2026\/03\/kyykky_mustavalko-768x512.jpg 768w\" sizes=\"auto, (max-width: 1024px) 100vw, 1024px\" \/><figcaption class=\"wp-element-caption\">Petra palkittiin El\u00e4k\u00f6\u00f6n Folk-gaalassa Vuoden Artistina saatesanoillla: &#8221;Vuoden artisti on poikkeuksellisen omaper\u00e4inen ja rajat ylitt\u00e4v\u00e4 taiteilija jonka ty\u00f6 uudistaa suomalaista musiikkikentt\u00e4\u00e4 tavalla, johon harva kykenee.<br>T\u00e4m\u00e4 artisti uudistaa perinnett\u00e4 tinkim\u00e4tt\u00e4 sen juurista, luo uutta ilman rajoja ja tekee sen tavalla joka koskettaa sek\u00e4 kuulijaa ett\u00e4 esiintyj\u00e4\u00e4. T\u00e4m\u00e4 vuosi on tehnyt n\u00e4kyv\u00e4ksi sen, mit\u00e4 moni on jo pitk\u00e4\u00e4n tiennyt: h\u00e4n on yksi aikamme omaper\u00e4isimmist\u00e4 ja t\u00e4rkeimmist\u00e4 musiikillisista \u00e4\u00e4nist\u00e4.&#8221;<br>Ensimm\u00e4inen sinkku Virtaa on jo maailmalla! Voit kuunnella sen linkist\u00e4.\u00a0<a href=\"https:\/\/www.youtube.com\/watch?v=9sdcJvBk5Sw&amp;fbclid=IwZXh0bgNhZW0CMTAAYnJpZBExYmc2cDdaS0lyNnNIbjNMTnNydGMGYXBwX2lkEDIyMjAzOTE3ODgyMDA4OTIAAR61Gp1mHxWTZuIn5eOFTcwtoCJZ7aTkJGhR40xx1PmlHqgoQjgGVrmUHB9bDA_aem_dlHUQVJWTJwdwPXXKXOZDQ\" target=\"_blank\" rel=\"noreferrer noopener\">https:\/\/www.youtube.com\/watch?v=9sdcJvBk5Sw<\/a><br>Pelkk\u00e4 Poutanen<br>Pelkk\u00e4 Poutanen on hypnoottinen ja uniikki artisti, joka tunnetaan ainutlaatuisesta \u00e4\u00e4nest\u00e4 ja mestarillisista kurkkulaulutekniikoista, joita harvoin kuullaan naisten esitt\u00e4m\u00e4n\u00e4. H\u00e4nen musiikkinsa yhdist\u00e4\u00e4 kiehtovalla tavalla kansanperinteet, live-elektroniikan ja rootsin. image.jpeg<br><br>Youtube:\u00a0<a href=\"https:\/\/www.youtube.com\/watch?v=cVFpFjV4G2E&amp;fbclid=IwZXh0bgNhZW0CMTAAYnJpZBExYmc2cDdaS0lyNnNIbjNMTnNydGMGYXBwX2lkEDIyMjAzOTE3ODgyMDA4OTIAAR7nW84eKMNGKkhlZGsyMkkPsI-9zCGyA8fRHjf4WLQ0jrtZsHViRh6ixHHlaw_aem_Kct9ZlHtTCIjiKJn_ZGwtg\" target=\"_blank\" rel=\"noreferrer noopener\">https:\/\/www.youtube.com\/watch?v=cVFpFjV4G2E<\/a><br>Instagram &#8211; Pelkk\u00e4<br>Pelkk\u00e4 Poutanen | Spotify<\/figcaption><\/figure>\n\n\n\n<figure class=\"wp-block-image size-large\"><img loading=\"lazy\" decoding=\"async\" width=\"1024\" height=\"481\" src=\"https:\/\/teatterinayttamo.fi\/wp-content\/uploads\/2026\/02\/5ba9de5a0c4e7d24971a85c0b3481184-1024x481.webp\" alt=\"\" class=\"wp-image-1903\" srcset=\"https:\/\/teatterinayttamo.fi\/wp-content\/uploads\/2026\/02\/5ba9de5a0c4e7d24971a85c0b3481184-1024x481.webp 1024w, https:\/\/teatterinayttamo.fi\/wp-content\/uploads\/2026\/02\/5ba9de5a0c4e7d24971a85c0b3481184-300x141.webp 300w, https:\/\/teatterinayttamo.fi\/wp-content\/uploads\/2026\/02\/5ba9de5a0c4e7d24971a85c0b3481184-768x361.webp 768w, https:\/\/teatterinayttamo.fi\/wp-content\/uploads\/2026\/02\/5ba9de5a0c4e7d24971a85c0b3481184.webp 1170w\" sizes=\"auto, (max-width: 1024px) 100vw, 1024px\" \/><figcaption class=\"wp-element-caption\">To 7.5.. klo 19 N\u00e4ytt\u00e4m\u00f6<br><strong>Quartet Ajaton<\/strong><br><strong>Quartet Ajaton<\/strong>&nbsp;on laulajatar<strong>&nbsp;Mia Simanaisen<\/strong>&nbsp;perustama yhtye, jossa erilaisista taustoista tulevat huippuinnovatiiviset muusikot punovat taitonsa yhteen. Arvoituksellinen soitinyhdistelm\u00e4 on ainut laatuaan koko maailmassa! Tuttua sen sijaan l\u00f6ytyy kvartetin uudesta ohjelmasta, joka sis\u00e4lt\u00e4\u00e4 kotimaisen kulttuurimme ikonisia s\u00e4velmi\u00e4 \u2013 tangot, sibeliukset, kansans\u00e4velm\u00e4t ja karjahuudot kaikuvat, tanssivat ja m\u00f6yriv\u00e4t \u2013 musiikki hehkuu ja j\u00e4\u00e4t\u00e4\u00e4, ja laittaa kuulijan veren kiert\u00e4m\u00e4\u00e4n. Jo yli 10 vuotta toiminut yhtye on suvereeni tienn\u00e4ytt\u00e4j\u00e4. Yhtyeen kolmas albumi julkaistaan tammikuussa 2026.<br><strong>Mia Simanainen<\/strong>&nbsp;\u2013 laulu<br><strong>Henrik Sand\u00e5s<\/strong>&nbsp;\u2013 bandone\u00f3n<br><strong>Kari Ikonen<\/strong>&nbsp;\u2013 Moog-syntetisaattori<br><strong>Aino Juutilainen<\/strong>&nbsp;\u2013 sello<\/figcaption><\/figure>\n\n\n\n<figure class=\"wp-block-image size-full\"><img loading=\"lazy\" decoding=\"async\" width=\"800\" height=\"418\" src=\"https:\/\/teatterinayttamo.fi\/wp-content\/uploads\/2026\/02\/1765308307.png\" alt=\"\" class=\"wp-image-1904\" srcset=\"https:\/\/teatterinayttamo.fi\/wp-content\/uploads\/2026\/02\/1765308307.png 800w, https:\/\/teatterinayttamo.fi\/wp-content\/uploads\/2026\/02\/1765308307-300x157.png 300w, https:\/\/teatterinayttamo.fi\/wp-content\/uploads\/2026\/02\/1765308307-768x401.png 768w\" sizes=\"auto, (max-width: 800px) 100vw, 800px\" \/><figcaption class=\"wp-element-caption\">IRINA BJ\u00d6RKLUND &amp; PETER FOX &#8211; Oh l&#8217;Amour 20-v 23.5.2026 19.00 &#8211; 21.00<br>N\u00e4ytt\u00e4m\u00f6 Koskikatu 8, 80100, Joensuu<br>LIPUT T\u00c4\u00c4LT\u00c4: <a href=\"https:\/\/biletti.fi\/e\/irina-bjorklund-peter-fox-oh-lamour-20-v-joensuu\">https:\/\/biletti.fi\/e\/irina-bjorklund-peter-fox-oh-lamour-20-v-joensuu<\/a><br>P\u00e4\u00e4syliput 36\u20ac + palvelumaksu.<br><br>Irina Bj\u00f6rklund ja Peter Fox tapasivat elokuvan kuvauksissa Los Angelesissa vuonna 2006, ja parivaljakko p\u00e4\u00e4tyi samana vuonna s\u00e4velt\u00e4m\u00e4\u00e4n ja julkaisemaan ensimm\u00e4isen albuminsa, vivaihteikkaan&nbsp;<em>Oh l&#8217;Amour<\/em>&nbsp;-levyn. Sit\u00e4 seurasi monivuotinen yst\u00e4vyys ja yhteisty\u00f6, vakiob\u00e4ndin paikka Hollywoodin&nbsp;<a href=\"https:\/\/www.hotelcafe.com\/\" target=\"_blank\" rel=\"noreferrer noopener\">Hotel Cafe<\/a>&nbsp;-klubissa, kaksi levy\u00e4 lis\u00e4\u00e4 sek\u00e4 kiertueita.<br><br>Nyt on ensimm\u00e4isest\u00e4 levyst\u00e4 kulunut 20 vuotta, Fox muuttanut New Yorkiin ja Bj\u00f6rklund Ranskaan; mutta yst\u00e4vyys ja yhteisty\u00f6 ei n\u00e4e rajoja. Jubileumin kunniaksi he julkaisevat uutta, Foxin studiossa New Yorkissa marraskuussa &#8217;25 nauhoitettua musiikkia, sek\u00e4 antavat uutta eloa ja iloa s\u00e4velmiins\u00e4 vuosien varrelta<br><br>Toukokuussa 2026 kaverukset n\u00e4hd\u00e4\u00e4n pitk\u00e4st\u00e4 aikaa Suomen lavoilla &#8211; t\u00e4ll\u00e4 kertaa mukanaan viime kes\u00e4n\u00e4 Bj\u00f6rklundin kanssa Vinhan Kirjajuhlilla ihastuttaneet Jan Furustam ja Po\u00e8m Franz\u00e9n, jotka my\u00f6s esiintyv\u00e4t uusilla nauhoitteilla. Kvartetti viritt\u00e4\u00e4 leppoisan orgaaniseen kapakkatunnelmaan laulaen niin ranskaksi kuin englanniksikin &#8211; soittiminaan mm. kitaroita, trumpetti, saha, koskettimet &#8211; ja Bj\u00f6rklund johdattelee huumorilla ja l\u00e4mm\u00f6ll\u00e4 yleis\u00f6n l\u00e4pi rakkauden kiemuroiden, kaikkine koukeroineen&#8230;&nbsp;<em>Oh l&#8217;Amour!!<\/em><br><br>Irina Bj\u00f6rklund &#8211; laulu, saha<br>Peter Fox &#8211; laulu, kitara<br>Po\u00e8m Franzen &#8211; koskettimet, trumpetti, laulu<br>Jan Furustam &#8211; kitara, laulu<br><br>L\u00e4mpim\u00e4sti tervetuloa ranskalaiseen iltaan N\u00e4ytt\u00e4m\u00f6lle.<br>Ovet auki klo 18, showtime klo 19. Konsertissa on v\u00e4liaika.<br>Rouge bar &amp; bistro palvelee illan aikana. K18.<br>J\u00e4rjest\u00e4j\u00e4: Ohjelmalaituri<\/figcaption><\/figure>\n\n\n\n<figure class=\"wp-block-image size-large\"><img loading=\"lazy\" decoding=\"async\" width=\"724\" height=\"1024\" src=\"https:\/\/teatterinayttamo.fi\/wp-content\/uploads\/2026\/01\/CLEANING-WOMEN-KONSERTTI-JULSITE-724x1024.jpg\" alt=\"\" class=\"wp-image-1891\" srcset=\"https:\/\/teatterinayttamo.fi\/wp-content\/uploads\/2026\/01\/CLEANING-WOMEN-KONSERTTI-JULSITE-724x1024.jpg 724w, https:\/\/teatterinayttamo.fi\/wp-content\/uploads\/2026\/01\/CLEANING-WOMEN-KONSERTTI-JULSITE-212x300.jpg 212w, https:\/\/teatterinayttamo.fi\/wp-content\/uploads\/2026\/01\/CLEANING-WOMEN-KONSERTTI-JULSITE-768x1086.jpg 768w, https:\/\/teatterinayttamo.fi\/wp-content\/uploads\/2026\/01\/CLEANING-WOMEN-KONSERTTI-JULSITE-1086x1536.jpg 1086w, https:\/\/teatterinayttamo.fi\/wp-content\/uploads\/2026\/01\/CLEANING-WOMEN-KONSERTTI-JULSITE-1448x2048.jpg 1448w, https:\/\/teatterinayttamo.fi\/wp-content\/uploads\/2026\/01\/CLEANING-WOMEN-KONSERTTI-JULSITE-scaled.jpg 1810w\" sizes=\"auto, (max-width: 724px) 100vw, 724px\" \/><figcaption class=\"wp-element-caption\">Cleaning Women palaa Joensuuhun ja N\u00c4YTT\u00c4M\u00d6-teatteriin! 29.5.2026<br>Cleaning Women on suomalainen vuonna 1996 perustettu yhtye. Yhtye on toiminut nykyisell\u00e4 kokoonpanolla vuodesta 1999 l\u00e4htien. Cleaning Women tunnetaan itsetehdyist\u00e4 soittimistaan, androgyynist\u00e4 imagostaan ja poikkitaiteellisista tempauksistaan, kuten audiovisuaalisista installaatioista ja mykk\u00e4elokuvas\u00e4estyksist\u00e4. Yhtye soittaa melodista rytmimusiikkia s\u00e4hk\u00f6isesti vahvistetuilla kodinhoitov\u00e4lineill\u00e4, kuten pyykinkuivaustelineill\u00e4, pesukoneen vetopy\u00f6rill\u00e4 ja roskap\u00f6nt\u00f6ill\u00e4. Cleaning Women on esiintynyt rock-klubeista konserttisaleihin yli kahdessakymmeness\u00e4 maassa, muun muassa Kiinassa, Kanadassa, Ven\u00e4j\u00e4ll\u00e4, Meksikossa, Yhdysvalloissa sek\u00e4 useassa Euroopan maassa.<br>Yhtyeen viides levy Washer ilmestyi Svart Recordsin julkaisemana lokakuussa 2025.<\/figcaption><\/figure>\n\n\n\n<p><\/p>\n","protected":false},"excerpt":{"rendered":"<p>to 26.3. klo 19: Rajaspeksi: Painajainen juhannusy\u00f6n\u00e4 (ensi-ilta) pe 27.3. Jazzkerho-76: Case K\u00e4m\u00e4r\u00e4inen la 28.3. Pelkk\u00e4 Poutanen (levynjulkkarit) klo 19 ti 31.3. klo 19: Rajaspeksi: Painajainen juhannusy\u00f6n\u00e4 Huhtikuu ke 1.4. [&hellip;]<\/p>\n","protected":false},"author":1,"featured_media":0,"parent":0,"menu_order":0,"comment_status":"closed","ping_status":"closed","template":"","meta":{"footnotes":""},"class_list":["post-64","page","type-page","status-publish","hentry"],"_links":{"self":[{"href":"https:\/\/teatterinayttamo.fi\/index.php?rest_route=\/wp\/v2\/pages\/64","targetHints":{"allow":["GET"]}}],"collection":[{"href":"https:\/\/teatterinayttamo.fi\/index.php?rest_route=\/wp\/v2\/pages"}],"about":[{"href":"https:\/\/teatterinayttamo.fi\/index.php?rest_route=\/wp\/v2\/types\/page"}],"author":[{"embeddable":true,"href":"https:\/\/teatterinayttamo.fi\/index.php?rest_route=\/wp\/v2\/users\/1"}],"replies":[{"embeddable":true,"href":"https:\/\/teatterinayttamo.fi\/index.php?rest_route=%2Fwp%2Fv2%2Fcomments&post=64"}],"version-history":[{"count":398,"href":"https:\/\/teatterinayttamo.fi\/index.php?rest_route=\/wp\/v2\/pages\/64\/revisions"}],"predecessor-version":[{"id":1912,"href":"https:\/\/teatterinayttamo.fi\/index.php?rest_route=\/wp\/v2\/pages\/64\/revisions\/1912"}],"wp:attachment":[{"href":"https:\/\/teatterinayttamo.fi\/index.php?rest_route=%2Fwp%2Fv2%2Fmedia&parent=64"}],"curies":[{"name":"wp","href":"https:\/\/api.w.org\/{rel}","templated":true}]}}