{"id":1151,"date":"2020-11-06T12:03:23","date_gmt":"2020-11-06T12:03:23","guid":{"rendered":"https:\/\/teatterinayttamo.fi\/?page_id=1151"},"modified":"2020-11-06T12:09:53","modified_gmt":"2020-11-06T12:09:53","slug":"blackpool","status":"publish","type":"page","link":"https:\/\/teatterinayttamo.fi\/?page_id=1151","title":{"rendered":"Blackpool"},"content":{"rendered":"\n<p><strong>Milla Virtanen &#8211; Jaakko Toivonen: Blackpool<\/strong><\/p>\n\n\n\n<p>Tanssiteatteriesitys Blackpool vie yleis\u00f6n matkalle kilpatanssin kovaan maailmaan ja paljastaa glamourin takaa l\u00f6ytyv\u00e4n karun arjen. Draamaa ja mustaa huumoria sis\u00e4lt\u00e4v\u00e4 esitys on syd\u00e4mell\u00e4 tehty intiimi ja el\u00e4m\u00e4nkerrallinen teatterikokemus. Teos l\u00f6yhk\u00e4\u00e4 rusketusaineelle ja raastaa kuin ter\u00e4ksinen tanssikenk\u00e4harja. Kaikki jo arpeutuneet vanhat haavat avataan uudestaan itselle irvaillen ja sensuroimatta!\u00a0\u00a0<\/p>\n","protected":false},"excerpt":{"rendered":"<p>Milla Virtanen &#8211; Jaakko Toivonen: Blackpool Tanssiteatteriesitys Blackpool vie yleis\u00f6n matkalle kilpatanssin kovaan maailmaan ja paljastaa glamourin takaa l\u00f6ytyv\u00e4n karun arjen. Draamaa ja mustaa huumoria sis\u00e4lt\u00e4v\u00e4 esitys on syd\u00e4mell\u00e4 tehty [&hellip;]<\/p>\n","protected":false},"author":4,"featured_media":0,"parent":64,"menu_order":0,"comment_status":"closed","ping_status":"closed","template":"","meta":{"footnotes":""},"class_list":["post-1151","page","type-page","status-publish","hentry"],"_links":{"self":[{"href":"https:\/\/teatterinayttamo.fi\/index.php?rest_route=\/wp\/v2\/pages\/1151","targetHints":{"allow":["GET"]}}],"collection":[{"href":"https:\/\/teatterinayttamo.fi\/index.php?rest_route=\/wp\/v2\/pages"}],"about":[{"href":"https:\/\/teatterinayttamo.fi\/index.php?rest_route=\/wp\/v2\/types\/page"}],"author":[{"embeddable":true,"href":"https:\/\/teatterinayttamo.fi\/index.php?rest_route=\/wp\/v2\/users\/4"}],"replies":[{"embeddable":true,"href":"https:\/\/teatterinayttamo.fi\/index.php?rest_route=%2Fwp%2Fv2%2Fcomments&post=1151"}],"version-history":[{"count":3,"href":"https:\/\/teatterinayttamo.fi\/index.php?rest_route=\/wp\/v2\/pages\/1151\/revisions"}],"predecessor-version":[{"id":1165,"href":"https:\/\/teatterinayttamo.fi\/index.php?rest_route=\/wp\/v2\/pages\/1151\/revisions\/1165"}],"up":[{"embeddable":true,"href":"https:\/\/teatterinayttamo.fi\/index.php?rest_route=\/wp\/v2\/pages\/64"}],"wp:attachment":[{"href":"https:\/\/teatterinayttamo.fi\/index.php?rest_route=%2Fwp%2Fv2%2Fmedia&parent=1151"}],"curies":[{"name":"wp","href":"https:\/\/api.w.org\/{rel}","templated":true}]}}