{"id":1052,"date":"2020-08-19T13:27:42","date_gmt":"2020-08-19T13:27:42","guid":{"rendered":"https:\/\/teatterinayttamo.fi\/?page_id=1052"},"modified":"2020-08-19T13:31:26","modified_gmt":"2020-08-19T13:31:26","slug":"sara-gurevitsch-ja-tyoryhma-zoe","status":"publish","type":"page","link":"https:\/\/teatterinayttamo.fi\/?page_id=1052","title":{"rendered":"ZOE"},"content":{"rendered":"\n<p>ZOE on monitaiteellisen ty\u00f6ryhm\u00e4n teos, jossa tanssi, ajattelu ja merkitykset avautuvat katsojalle kokeellisiksi maisemiksi.<\/p>\n\n\n\n<p>ZOE tapahtuu tilassa, jossa kuusi taiteilijaa tuo esiin yhdess\u00e4olon tapoja ja yhteyden kokemista, solutasoa ja mikrobien maastoja havainnoiden. Teos pyrkii hahmottamaan, miten olla jatkuvien ulkoisten sek\u00e4 sis\u00e4istettyjen dynaamisten paineiden kanssa? Miten olla yhteydess\u00e4 ja pyrki\u00e4 ymm\u00e4rt\u00e4m\u00e4\u00e4n ilman kontrolloimista?&nbsp;Taiteilijat artikuloivat esiin suhteita, jotka muodostavat esityksen rakennetta.&nbsp;<br><br>Taiteellinen ty\u00f6skentelymme pohjaa filosofi Rosi Braidottin k\u00e4sitteeseen z\u00f5e, joka kuvaa el\u00e4m\u00e4n tunto- ja tunnepohjaisia yhteyksellisyyksi\u00e4. Z\u00f5e sijaitsee kaikessa materiassa, el\u00e4v\u00e4ss\u00e4 ja elottomassa. Se muodostuu ohuista rihmastollisista maastoista ja luo yhteyksi\u00e4 takerrellen, nojaillen; se paukkuu ja venyy muodostaen tunteita ja tuntemuksia. Kauttani puhutaan, tunnen toisen paremmin kuin itseni, luen energioita jotka eiv\u00e4t fyysisesti kosketa minua. Z\u00f5essa yhdistyy ihmism\u00e4inen, ei-inhimillinen ja posthumanistinen kokeminen.<\/p>\n\n\n\n<p>Konsepti ja koollekutsuja:&nbsp;<strong>Sara Gurevitsch<\/strong><br>Esiintyj\u00e4t:&nbsp;<strong>Jenna Broas, Salla Ryt\u00f6vuori, Sara Gurevitsch ja Tom L\u00f6nnqvist<\/strong><br>\u00c4\u00e4nisuunnittelu:&nbsp;<strong>Tom L\u00f6nnqvist<\/strong><br>Tila- ja valosuunnittelu:&nbsp;<strong>Sofia Palillo<\/strong><br>Pukusuunnittelu:&nbsp;<strong>Hanne Jurmu<\/strong><br>Tuottaja:<strong>&nbsp;Riikka Thitz<\/strong><br>Osatuottaja:&nbsp;<strong>It\u00e4-Suomen tanssin aluekeskus<\/strong><strong><br>Residenssi:<\/strong>&nbsp;Ehk\u00e4-tuotanto, O Espa\u00e7o do Tempo, Zodiak &#8211; Uuden tanssin keskus (Z-free)<br>Tukijat: Suomen kulttuurirahasto, Taiteen edist\u00e4miskeskus, Taiteen edist\u00e4miskeskus \/<br>Pohjois-Savon taidetoimikunta ja Etel\u00e4-Savon tanssiopisto<\/p>\n\n\n\n<p>Kuva:&nbsp;<strong>Pekka M\u00e4kinen<\/strong><\/p>\n\n\n\n<p><strong>Tiistai 22.9.2020&nbsp;klo 19:00<\/strong><br>N\u00c4YTT\u00c4M\u00d6, Pilkontie 7, Joensuu<\/p>\n\n\n\n<figure class=\"wp-block-embed-youtube wp-block-embed is-type-video is-provider-youtube wp-embed-aspect-16-9 wp-has-aspect-ratio\"><div class=\"wp-block-embed__wrapper\">\n<iframe loading=\"lazy\" title=\"ZOE\" width=\"640\" height=\"360\" src=\"https:\/\/www.youtube.com\/embed\/16tqjXLLt38?feature=oembed\" frameborder=\"0\" allow=\"accelerometer; autoplay; clipboard-write; encrypted-media; gyroscope; picture-in-picture; web-share\" referrerpolicy=\"strict-origin-when-cross-origin\" allowfullscreen><\/iframe>\n<\/div><\/figure>\n","protected":false},"excerpt":{"rendered":"<p>ZOE on monitaiteellisen ty\u00f6ryhm\u00e4n teos, jossa tanssi, ajattelu ja merkitykset avautuvat katsojalle kokeellisiksi maisemiksi. ZOE tapahtuu tilassa, jossa kuusi taiteilijaa tuo esiin yhdess\u00e4olon tapoja ja yhteyden kokemista, solutasoa ja mikrobien [&hellip;]<\/p>\n","protected":false},"author":4,"featured_media":1054,"parent":0,"menu_order":0,"comment_status":"closed","ping_status":"closed","template":"","meta":{"footnotes":""},"class_list":["post-1052","page","type-page","status-publish","has-post-thumbnail","hentry"],"_links":{"self":[{"href":"https:\/\/teatterinayttamo.fi\/index.php?rest_route=\/wp\/v2\/pages\/1052","targetHints":{"allow":["GET"]}}],"collection":[{"href":"https:\/\/teatterinayttamo.fi\/index.php?rest_route=\/wp\/v2\/pages"}],"about":[{"href":"https:\/\/teatterinayttamo.fi\/index.php?rest_route=\/wp\/v2\/types\/page"}],"author":[{"embeddable":true,"href":"https:\/\/teatterinayttamo.fi\/index.php?rest_route=\/wp\/v2\/users\/4"}],"replies":[{"embeddable":true,"href":"https:\/\/teatterinayttamo.fi\/index.php?rest_route=%2Fwp%2Fv2%2Fcomments&post=1052"}],"version-history":[{"count":2,"href":"https:\/\/teatterinayttamo.fi\/index.php?rest_route=\/wp\/v2\/pages\/1052\/revisions"}],"predecessor-version":[{"id":1055,"href":"https:\/\/teatterinayttamo.fi\/index.php?rest_route=\/wp\/v2\/pages\/1052\/revisions\/1055"}],"wp:featuredmedia":[{"embeddable":true,"href":"https:\/\/teatterinayttamo.fi\/index.php?rest_route=\/wp\/v2\/media\/1054"}],"wp:attachment":[{"href":"https:\/\/teatterinayttamo.fi\/index.php?rest_route=%2Fwp%2Fv2%2Fmedia&parent=1052"}],"curies":[{"name":"wp","href":"https:\/\/api.w.org\/{rel}","templated":true}]}}