{"id":1016,"date":"2020-08-10T11:55:23","date_gmt":"2020-08-10T11:55:23","guid":{"rendered":"https:\/\/teatterinayttamo.fi\/?page_id=1016"},"modified":"2020-11-06T12:02:54","modified_gmt":"2020-11-06T12:02:54","slug":"amalgam","status":"publish","type":"page","link":"https:\/\/teatterinayttamo.fi\/?page_id=1016","title":{"rendered":"Amalgam"},"content":{"rendered":"\n<p><strong>WILMA SEPP\u00c4L\u00c4 &amp; ONNI TOIVONEN: AMALGAM<\/strong><\/p>\n\n\n\n<p><br>Amalgam on teos jongleerauksen ja tanssin yhteent\u00f6rm\u00e4yksest\u00e4. Teos tutkii taiteenlajien rajapinnalta l\u00f6ytyvi\u00e4 mahdollisuuksia ja mahdottomuuksia. Amalgam vie katsojan matkalle jossa keho, liike ja objektit kulkevat toisiinsa kietoutuneina kohti jotain osiaan suurempaa.<\/p>\n\n\n\n<p>Jongl\u00f6\u00f6ri Onni Toivonen ja tanssija Wilma Sepp\u00e4l\u00e4 ovat ty\u00f6skennelleet yhdess\u00e4 kev\u00e4\u00e4st\u00e4 2018 l\u00e4htien. Toivonen on esiintynyt soolo- ja ryhm\u00e4teoksilla yli 15 maassa ja h\u00e4net on palkittu kansainv\u00e4lisill\u00e4 sirkusfestivaaleilla. H\u00e4net tunnetaan liikkeellisest\u00e4 ja uniikista jongleeraustyylist\u00e4\u00e4n. Sepp\u00e4l\u00e4 opiskelee Tukholman taideyliopiston Dance Performance -linjalla. H\u00e4n on monipuolinen esiintyj\u00e4, jota kiinnostaa liikkeellinen keveys, kontrastit ja komiikka sek\u00e4 monitaiteiset produktiot. Ty\u00f6ryhm\u00e4n kolmas j\u00e4sen on teoksen \u00e4\u00e4nisuunnittelija-muusikko Konsta Leinonen. Amalgamin ensi-ilta oli Circus Ruska Festivalin yhteydess\u00e4 elokuussa 2019 Tampereen Ylioppilasteatterilla. Teos vieraili Joensuussa esitt\u00e4vien taiteiden N\u00e4ytt\u00e4m\u00f6ll\u00e4 joulukuussa 2019.<\/p>\n\n\n\n<p>Esityksen ohjauksellisena konsulttina toimii sirkustaiteilija Olli Vuorinen. Esityst\u00e4 ovat tukeneet Taiteen edist\u00e4miskeskus Pirkanmaa, Jenny ja Antti Wihurin rahasto sek\u00e4 Samuel Huberin taides\u00e4\u00e4ti\u00f6.<\/p>\n\n\n\n<p>Ohjaus: Onni Toivonen ja Wilma Sepp\u00e4l\u00e4<br>K\u00e4sikirjoitus: Ty\u00f6ryhm\u00e4<br>Jongl\u00f6\u00f6ri: Onni Toivonen<br>Tanssija: Wilma Sepp\u00e4l\u00e4<br>\u00c4\u00e4nisuunnittelu: Konsta Leinonen<\/p>\n\n\n\n<p>Esityksen kesto: 45 minuuttia<\/p>\n","protected":false},"excerpt":{"rendered":"<p>WILMA SEPP\u00c4L\u00c4 &amp; ONNI TOIVONEN: AMALGAM Amalgam on teos jongleerauksen ja tanssin yhteent\u00f6rm\u00e4yksest\u00e4. Teos tutkii taiteenlajien rajapinnalta l\u00f6ytyvi\u00e4 mahdollisuuksia ja mahdottomuuksia. Amalgam vie katsojan matkalle jossa keho, liike ja objektit [&hellip;]<\/p>\n","protected":false},"author":4,"featured_media":1094,"parent":64,"menu_order":0,"comment_status":"closed","ping_status":"closed","template":"","meta":{"footnotes":""},"class_list":["post-1016","page","type-page","status-publish","has-post-thumbnail","hentry"],"_links":{"self":[{"href":"https:\/\/teatterinayttamo.fi\/index.php?rest_route=\/wp\/v2\/pages\/1016","targetHints":{"allow":["GET"]}}],"collection":[{"href":"https:\/\/teatterinayttamo.fi\/index.php?rest_route=\/wp\/v2\/pages"}],"about":[{"href":"https:\/\/teatterinayttamo.fi\/index.php?rest_route=\/wp\/v2\/types\/page"}],"author":[{"embeddable":true,"href":"https:\/\/teatterinayttamo.fi\/index.php?rest_route=\/wp\/v2\/users\/4"}],"replies":[{"embeddable":true,"href":"https:\/\/teatterinayttamo.fi\/index.php?rest_route=%2Fwp%2Fv2%2Fcomments&post=1016"}],"version-history":[{"count":3,"href":"https:\/\/teatterinayttamo.fi\/index.php?rest_route=\/wp\/v2\/pages\/1016\/revisions"}],"predecessor-version":[{"id":1159,"href":"https:\/\/teatterinayttamo.fi\/index.php?rest_route=\/wp\/v2\/pages\/1016\/revisions\/1159"}],"up":[{"embeddable":true,"href":"https:\/\/teatterinayttamo.fi\/index.php?rest_route=\/wp\/v2\/pages\/64"}],"wp:featuredmedia":[{"embeddable":true,"href":"https:\/\/teatterinayttamo.fi\/index.php?rest_route=\/wp\/v2\/media\/1094"}],"wp:attachment":[{"href":"https:\/\/teatterinayttamo.fi\/index.php?rest_route=%2Fwp%2Fv2%2Fmedia&parent=1016"}],"curies":[{"name":"wp","href":"https:\/\/api.w.org\/{rel}","templated":true}]}}