{"id":1003,"date":"2020-08-10T11:04:47","date_gmt":"2020-08-10T11:04:47","guid":{"rendered":"https:\/\/teatterinayttamo.fi\/?page_id=1003"},"modified":"2020-10-14T07:32:57","modified_gmt":"2020-10-14T07:32:57","slug":"sirkus-jaa-pystyyn","status":"publish","type":"page","link":"https:\/\/teatterinayttamo.fi\/?page_id=1003","title":{"rendered":"Sirkus j\u00e4\u00e4 pystyyn!"},"content":{"rendered":"<div>\n<p><a href=\"https:\/\/youtu.be\/a9cgEafyDrE\">https:\/\/youtu.be\/a9cgEafyDrE<\/a><\/p>\n<\/div>\n<div class=\"o9v6fnle cxmmr5t8 oygrvhab hcukyx3x c1et5uql\">Sirkus j\u00e4\u00e4 pystyyn!<br \/>\n(Circus remains the same)<br \/>\nTy\u00f6ryhm\u00e4: Rauli Katajavuori &amp; Timo Torvinen<br \/>\nValosuunnittelu: Riku Elo<\/div>\n<div class=\"o9v6fnle cxmmr5t8 oygrvhab hcukyx3x c1et5uql\">Puvustus: Laura Sariola<br \/>\nTuotanto: Sirkus Supiainen<\/div>\n<div class=\"o9v6fnle cxmmr5t8 oygrvhab hcukyx3x c1et5uql\">Joensuun paikallisten kulttuuritoimijoiden mahtipontinen askarteluprojekti tutkii, onko mahdollista rakentaa 90-luvun stadionkonsertti pieneen n\u00e4ytt\u00e4m\u00f6tilaan kolmen henkil\u00f6n ty\u00f6ryhm\u00e4ll\u00e4 ilman taiderahoitusta ja l\u00e4hes ilman kustannuksia. \u2019Sirkus j\u00e4\u00e4 pystyyn\u2019 on lihaksi tullut runoelma, pamfletti ja rujo tutkielma rock &#8217;n&#8217; rollista. Luvassa on diy-henkinen menneiden vuosikymmenien estetiikalla toteutettu massiivinen konsertti, jossa kitarat ulvovat ja rumpukone paukkuu, kun (proto)Torvinen laulaa laulua haikeaa. N\u00e4iss\u00e4 tarinoissa karvaan pettymyksen tuska ja viha naurattaa, eik\u00e4 edes katkera blues paranna, kun 90-luvulla oli viel\u00e4 ok olla synkkis ilman ironian tarvetta, tai markkinointimiesten paketoimaa narratiivia. Kaipuu ja mahdollisuus k\u00e4perty\u00e4 sis\u00e4\u00e4np\u00e4in kaikuu kaiken taustalla, kun esteettinen, retrofuturistinen sirkustaide kohtaa mustan aukon. Kaiken lopussa, kun korvat soivat, kun strobovalojen v\u00e4lke lakkaa: Sirkus J\u00e4\u00e4 Pystyyn &#8211; Circus remains the same!<\/div>\n<div class=\"o9v6fnle cxmmr5t8 oygrvhab hcukyx3x c1et5uql\"><\/div>\n<div class=\"o9v6fnle cxmmr5t8 oygrvhab hcukyx3x c1et5uql\">Esityksen tekij\u00e4t:<\/div>\n<div class=\"o9v6fnle cxmmr5t8 oygrvhab hcukyx3x c1et5uql\">Rauli Katajavuori tunnetaan omaper\u00e4isist\u00e4, omailmeisist\u00e4 ja tinkim\u00e4tt\u00f6mist\u00e4 esityksist\u00e4\u00e4n, jotka yhdist\u00e4v\u00e4t vaikutteita aina nykyteatterista nukketeatteriin.<\/div>\n<div class=\"o9v6fnle cxmmr5t8 oygrvhab hcukyx3x c1et5uql\">&#8221;Rauli Katajavuori on aina tehnyt toisin kuin muut.&#8221; \u2013 HS 28.9.2013<\/div>\n<div class=\"o9v6fnle cxmmr5t8 oygrvhab hcukyx3x c1et5uql\">&#8221;Rauli Katajavuoressa on virtaa kuin patteripupussa.&#8221; \u2013 HS 12.6.2011<\/div>\n<div class=\"o9v6fnle cxmmr5t8 oygrvhab hcukyx3x c1et5uql\">\u201dRauli Katajavuori ei ole koskaan halunnut tehd\u00e4 sirkustaidettaan helpoimman ja ilmeisimm\u00e4n kautta. H\u00e4n kokeilee ja venyttelee rajoja \u00e4\u00e4rimmilleen.\u201d \u2013 HS 12.4.2010<\/div>\n<div class=\"o9v6fnle cxmmr5t8 oygrvhab hcukyx3x c1et5uql\">\u201dKatajavuori on suomalaisen kokeellisen jongleerauksen pioneereja.\u201d \u2013 HS arvio 6.4.2008<\/div>\n<div class=\"o9v6fnle cxmmr5t8 oygrvhab hcukyx3x c1et5uql\">Timo Torvinen on tunnettu muun muassa omalle musiikilleen keksimist\u00e4 nimityksist\u00e4. &#8221;Ep\u00e4-rockin&#8221; ja &#8221;It\u00e4-Suomi-rockin&#8221; rinnalle Torvinen on lanseeraamassa termi\u00e4 AOG, &#8221;adult oriented goth&#8221;.<\/div>\n<div class=\"o9v6fnle cxmmr5t8 oygrvhab hcukyx3x c1et5uql\">&#8221;(proto)Torvinen on pelottava, analyyttisen tutkiskeleva sivustakatsoja, jonka n\u00e4kemys maailmasta viiltelee kuulijan syd\u00e4men siisteiksi siivuiksi.&#8221; &#8211; Humu-klubi, 2019<\/div>\n<div class=\"o9v6fnle cxmmr5t8 oygrvhab hcukyx3x c1et5uql\">&#8221;Ai millaista se niinku on? V\u00e4h\u00e4n niin kuin Prince, mutta huonompi.&#8221; &#8211; anonyymi, 2014<\/div>\n<div class=\"o9v6fnle cxmmr5t8 oygrvhab hcukyx3x c1et5uql\">&#8221;Torvinen on suomirockin Mad Max!&#8221; &#8211; Timo Torvinen, 2018<\/div>\n<div><\/div>\n<div>\n<div class=\"o9v6fnle cxmmr5t8 oygrvhab hcukyx3x c1et5uql\">10.10. klo 19<br \/>\n11.10. klo 19<br \/>\n17.10. klo 19<br \/>\n18.10. klo 19<br \/>\n25.10. klo 19<\/div>\n<div class=\"o9v6fnle cxmmr5t8 oygrvhab hcukyx3x c1et5uql\">Liput: 25\/15<br \/>\n<a class=\"oajrlxb2 g5ia77u1 qu0x051f esr5mh6w e9989ue4 r7d6kgcz rq0escxv nhd2j8a9 nc684nl6 p7hjln8o kvgmc6g5 cxmmr5t8 oygrvhab hcukyx3x jb3vyjys rz4wbd8a qt6c0cv9 a8nywdso i1ao9s8h esuyzwwr f1sip0of lzcic4wl py34i1dx gpro0wi8\" tabindex=\"0\" role=\"link\" href=\"https:\/\/www.tiketti.fi\/nayttamo-joensuu-paikka\/2145?fbclid=IwAR10msFQlMDPkhUS2juO3-DlOz30zTrbBXO7GaMWyBrwO9DvmOxJ5EmNVpU#l=2145\" target=\"_blank\" rel=\"nofollow noopener noreferrer\">https:\/\/www.tiketti.fi\/nayttamo-joensuu-paikka\/2145#l=2145<\/a><\/div>\n<\/div>\n","protected":false},"excerpt":{"rendered":"<p>Sirkus j\u00e4\u00e4 pystyyn! (Circus remains the same) Ty\u00f6ryhm\u00e4: Rauli Katajavuori &amp; Timo Torvinen Valosuunnittelu: Riku Elo Puvustus: Laura Sariola Tuotanto: Sirkus Supiainen Joensuun paikallisten kulttuuritoimijoiden mahtipontinen askarteluprojekti tutkii, onko mahdollista [&hellip;]<\/p>\n","protected":false},"author":4,"featured_media":1141,"parent":0,"menu_order":0,"comment_status":"closed","ping_status":"closed","template":"","meta":{"footnotes":""},"class_list":["post-1003","page","type-page","status-publish","has-post-thumbnail","hentry"],"_links":{"self":[{"href":"https:\/\/teatterinayttamo.fi\/index.php?rest_route=\/wp\/v2\/pages\/1003","targetHints":{"allow":["GET"]}}],"collection":[{"href":"https:\/\/teatterinayttamo.fi\/index.php?rest_route=\/wp\/v2\/pages"}],"about":[{"href":"https:\/\/teatterinayttamo.fi\/index.php?rest_route=\/wp\/v2\/types\/page"}],"author":[{"embeddable":true,"href":"https:\/\/teatterinayttamo.fi\/index.php?rest_route=\/wp\/v2\/users\/4"}],"replies":[{"embeddable":true,"href":"https:\/\/teatterinayttamo.fi\/index.php?rest_route=%2Fwp%2Fv2%2Fcomments&post=1003"}],"version-history":[{"count":3,"href":"https:\/\/teatterinayttamo.fi\/index.php?rest_route=\/wp\/v2\/pages\/1003\/revisions"}],"predecessor-version":[{"id":1149,"href":"https:\/\/teatterinayttamo.fi\/index.php?rest_route=\/wp\/v2\/pages\/1003\/revisions\/1149"}],"wp:featuredmedia":[{"embeddable":true,"href":"https:\/\/teatterinayttamo.fi\/index.php?rest_route=\/wp\/v2\/media\/1141"}],"wp:attachment":[{"href":"https:\/\/teatterinayttamo.fi\/index.php?rest_route=%2Fwp%2Fv2%2Fmedia&parent=1003"}],"curies":[{"name":"wp","href":"https:\/\/api.w.org\/{rel}","templated":true}]}}